{"id":205,"date":"2024-11-05T05:37:01","date_gmt":"2024-11-05T05:37:01","guid":{"rendered":"https:\/\/gusso.me\/?page_id=205"},"modified":"2024-11-05T05:37:01","modified_gmt":"2024-11-05T05:37:01","slug":"projetos-atuais","status":"publish","type":"page","link":"https:\/\/gusso.me\/?page_id=205&lang=pt","title":{"rendered":"Projetos atuais"},"content":{"rendered":"<p><b>Conte comigo para colaborar e construir juntos trajet\u00f3rias de aprendizagem transformadoras.<\/b><\/p>\n<p>&nbsp;<\/p>\n<p><b>Consultorias, palestras e cursos: Transforme a forma como voc\u00ea ensina e lidera!<\/b><\/p>\n<ul>\n<li><span style=\"font-weight: 400;\">Com mais de 20 anos de pesquisa e experi\u00eancia pr\u00e1tica em An\u00e1lise do Comportamento, OBM (Organizational Behavior Management), Tecnologias Educacionais e Suporte Positivo ao Comportamento (PBS), ofere\u00e7o consultorias, cursos e palestras personalizados para organiza\u00e7\u00f5es e profissionais que buscam excel\u00eancia em forma\u00e7\u00e3o e desenvolvimento de equipes.<\/span><\/li>\n<li><span style=\"font-weight: 400;\">Meu foco \u00e9 no planejamento e implementa\u00e7\u00e3o de estrat\u00e9gias que realmente potencializam a\u00e7\u00f5es de treinamento, desenvolvimento e educa\u00e7\u00e3o corporativa, fundamentadas em ci\u00eancia e nas melhores pr\u00e1ticas de tecnologias educacionais. Se voc\u00ea est\u00e1 cansado de videoaulas que apenas &#8220;passam conte\u00fado,&#8221; que tal conhecer m\u00e9todos que geram engajamento e resultados reais? Vamos conversar para explorar o que posso criar junto com voc\u00ea: <\/span><a href=\"mailto:helder@gusso.me\"><span style=\"font-weight: 400;\">helder@gusso.me<\/span><\/a><\/li>\n<li><b>Clientes atendidos nos \u00faltimos 10 anos:<\/b><span style=\"font-weight: 400;\"> Gracie Barra Oceania, Volvo, The Coastal Environmental Centre, Justi\u00e7a Federal, Tribunal Regional Eleitoral do Esp\u00edrito Santo, SENAC, Mormaii, Positivo Inform\u00e1tica, UNOESC, Col\u00e9gios Positivo, UFSC, Universidade Positivo, N\u00facleo de Interven\u00e7\u00e3o Comportamental (NIC).<\/span><\/li>\n<\/ul>\n<p><b>PBS Together:<\/b><b><br \/>\n<\/b><\/p>\n<ul>\n<li><span style=\"font-weight: 400;\">Meu principal projeto atual \u00e9 o desenvolvimento da plataforma PBS Together, que tem como miss\u00e3o elevar a qualidade dos servi\u00e7os de Suporte Positivo ao Comportamento (PBS) na Austr\u00e1lia, capacitando profissionais de forma pr\u00e1tica e atualizada. Al\u00e9m de coordenar a plataforma, lidero o desenvolvimento de cursos que promovem uma experi\u00eancia de aprendizagem imersiva, conectada aos desafios reais que os profissionais enfrentam no dia a dia.<\/span><span style=\"font-weight: 400;\"><br \/>\n<\/span><span style=\"font-weight: 400;\">Saiba mais em:<\/span><a href=\"https:\/\/pbstogether.com.au\"> <span style=\"font-weight: 400;\">pbstogether.com.au<\/span><\/a><\/li>\n<\/ul>\n<p><b>Orienta\u00e7\u00e3o e Supervis\u00e3o:<\/b><\/p>\n<ul>\n<li><span style=\"font-weight: 400;\">Apesar de ter pedido exonera\u00e7\u00e3o da Universidade Federal de Santa Catarina, continuo voluntariamente orientando projetos de pesquisa de meus orientandos no Programa de P\u00f3s-gradua\u00e7\u00e3o em psicologia da UFSC. Tamb\u00e9m ofere\u00e7o orienta\u00e7\u00e3o de pesquisa e supervis\u00e3o para profissionais que atuam com ensino-aprendizagem, l\u00edderes, analistas do comportamento e designers instrucionais. Tem um projeto interessante e precisa de suporte? Fico feliz em ajudar! Entre em contato: helder@gusso.me<\/span><\/li>\n<\/ul>\n<p><b>Professor:<\/b><b><br \/>\n<\/b><\/p>\n<ul>\n<li><span style=\"font-weight: 400;\">Atualmente ministro cursos online e presenciais pelo PBS Together, na Austr\u00e1lia, e participo de programas de p\u00f3s-gradua\u00e7\u00e3o no Brasil em formato online. Gostaria de contar comigo no corpo docente do seu curso? Vamos conversar para avaliar essa possibilidade: helder@gusso.me<\/span><\/li>\n<\/ul>\n","protected":false},"excerpt":{"rendered":"<p>Conte comigo para colaborar e construir juntos trajet\u00f3rias de aprendizagem transformadoras. &nbsp; Consultorias, palestras e cursos: Transforme a forma como voc\u00ea ensina e lidera! Com mais de 20 anos de pesquisa e experi\u00eancia pr\u00e1tica em An\u00e1lise do Comportamento, OBM (Organizational Behavior Management), Tecnologias Educacionais e Suporte Positivo ao Comportamento (PBS), ofere\u00e7o consultorias, cursos e palestras [&hellip;]<\/p>\n","protected":false},"author":1,"featured_media":0,"parent":0,"menu_order":0,"comment_status":"closed","ping_status":"closed","template":"","meta":{"footnotes":""},"class_list":["post-205","page","type-page","status-publish","hentry"],"_links":{"self":[{"href":"https:\/\/gusso.me\/index.php?rest_route=\/wp\/v2\/pages\/205","targetHints":{"allow":["GET"]}}],"collection":[{"href":"https:\/\/gusso.me\/index.php?rest_route=\/wp\/v2\/pages"}],"about":[{"href":"https:\/\/gusso.me\/index.php?rest_route=\/wp\/v2\/types\/page"}],"author":[{"embeddable":true,"href":"https:\/\/gusso.me\/index.php?rest_route=\/wp\/v2\/users\/1"}],"replies":[{"embeddable":true,"href":"https:\/\/gusso.me\/index.php?rest_route=%2Fwp%2Fv2%2Fcomments&post=205"}],"version-history":[{"count":1,"href":"https:\/\/gusso.me\/index.php?rest_route=\/wp\/v2\/pages\/205\/revisions"}],"predecessor-version":[{"id":206,"href":"https:\/\/gusso.me\/index.php?rest_route=\/wp\/v2\/pages\/205\/revisions\/206"}],"wp:attachment":[{"href":"https:\/\/gusso.me\/index.php?rest_route=%2Fwp%2Fv2%2Fmedia&parent=205"}],"curies":[{"name":"wp","href":"https:\/\/api.w.org\/{rel}","templated":true}]}}